{"id":2207,"date":"2020-10-09T14:53:45","date_gmt":"2020-10-09T12:53:45","guid":{"rendered":"https:\/\/bureau-morgenstern.com\/we-are-entwurf\/"},"modified":"2025-05-22T09:07:09","modified_gmt":"2025-05-22T07:07:09","slug":"we-are-entwurf","status":"publish","type":"page","link":"https:\/\/bureau-morgenstern.com\/de\/we-are-entwurf\/","title":{"rendered":"\u00dcber uns"},"content":{"rendered":"<div id=\"spacerblock-block_1db95d5016900ce06f157d5a0c47bc97\" class=\"bm_blocks spacerblock \">\n    <div class=\"grid-container\"><div class=\"grid-x\"><style>#spacerblock-block_1db95d5016900ce06f157d5a0c47bc97 .spacer{width:100%; height:100px;}<\/style><div class=\"spacer\"><\/div><\/div><\/div><\/div>\n\n<div id=\"textblock-block_7254d44e39a78206cf2be14a6971ffc0\" class=\"bm_blocks textblock \">\n    <div class=\"grid-container\"><div class=\"grid-x\"><div class=\"cell small-24 medium-12  column_0\"><h2 class=\"bmH2\">Bureau Morgenstern ist ein kleines, inhabergef\u00fchrtes Designstudio. Gegr\u00fcndet wurde es 2016 in Wien. Heute ist das Studio in Rottau am Chiemsee mit Blick auf das Alpenpanorama zuhause.  <\/h2>\n<\/div><\/div><\/div><\/div>\n\n<div id=\"spacerblock-block_3f60211e7d7d20ae45729a9d3c3ce80a\" class=\"bm_blocks spacerblock \">\n    <div class=\"grid-container\"><div class=\"grid-x\"><style>#spacerblock-block_3f60211e7d7d20ae45729a9d3c3ce80a .spacer{width:100%; height:210px;}<\/style><div class=\"spacer\"><\/div><\/div><\/div><\/div>\n\n<div id=\"imagebannerblock-block_e31bf9da64f848822bd6f5c5b1ce94d0\" class=\"bm_blocks imagebannerblock \">\n    <img decoding=\"async\" src=\"https:\/\/bureau-morgenstern.com\/wp-content\/uploads\/2025\/05\/Loft-scene-Online.jpeg\" title=\"Loft scene Online\" alt=\"\" \/><\/div>\n\n<div id=\"spacerblock-block_3f60211e7d7d20ae45729a9d3c3ce80a\" class=\"bm_blocks spacerblock \">\n    <div class=\"grid-container\"><div class=\"grid-x\"><style>#spacerblock-block_3f60211e7d7d20ae45729a9d3c3ce80a .spacer{width:100%; height:210px;}<\/style><div class=\"spacer\"><\/div><\/div><\/div><\/div>\n\n<div id=\"textblock-block_61270e837d8bf11b9338504387058adf\" class=\"bm_blocks textblock \">\n    <div class=\"grid-container\"><div class=\"grid-x\"><div class=\"cell small-24 medium-24  column_0\"><h2 class=\"bmH2\">\n2005 zog es mich von Freiburg nach Italien, wo ich bei FABRICA \u2013 dem renommierten Designzentrum von Benetton in Treviso \u2013 Teil eines internationalen Kreativteams war.<\/h2>\n<p><\/p>\n<h2 class=\"bmH2\">Danach folgten 15 Jahre in Wien \u2013 zun\u00e4chst in gro\u00dfen Agenturen, sp\u00e4ter als Partner einer eigenen. Schlie\u00dflich entschied ich mich f\u00fcr die Selbstst\u00e4ndigkeit.<\/h2>\n<p><\/p>\n<h2 class=\"bmH2\">Zu meinen Kunden z\u00e4hlen Marken aus dem Lifestyle- und Industriebereich \u2013 wie J\u00e4germeister oder loebner Zeitmesser \u2013, aber ebenso regionale Betriebe wie die Schreinerei Lienin oder das Delikatessengesch\u00e4ft Mayr in Wien.<\/h2>\n<p><\/p>\n<h2 class=\"bmH2\">Was sie verbindet: der Wunsch nach klarer, hochwertiger Gestaltung.<br \/>\nThematisch bewege ich mich zwischen Lifestyle, Automobil, feinen Produkten und allem, was mit Genuss zu tun hat.<br \/>\n<\/h2>\n<p><\/p>\n<\/div><\/div><\/div><\/div>\n\n<div id=\"spacerblock-block_d445367fd93a421b29d999cf07d698f5\" class=\"bm_blocks spacerblock \">\n    <div class=\"grid-container\"><div class=\"grid-x\"><style>#spacerblock-block_d445367fd93a421b29d999cf07d698f5 .spacer{width:100%; height:350px;}<\/style><div class=\"spacer\"><\/div><\/div><\/div><\/div>\n\n<div id=\"textblock-block_68a849b00e4c8f1e862f5d9d1482c72b\" class=\"bm_blocks textblock \">\n    <div class=\"grid-container\"><div class=\"grid-x\"><div class=\"cell small-24 medium-24  column_0\"><\/div><\/div><\/div><\/div>\n\n<div id=\"textlinkblock-block_7b16d4b012412058f697af5dde9a32da\" class=\"bm_blocks textlinkblock \">\n    <div class=\"grid-container\"><div class=\"grid-x\"><div class=\"cell small-24\"><a href=\"https:\/\/bureau-morgenstern.com\/de\/work\/\">\n            <h2 class=\"bmH2\">zu den Projekten <svg xmlns=\"http:\/\/www.w3.org\/2000\/svg\" width=\"32.063\" height=\"12.788\" viewBox=\"0 0 32.063 12.788\">\n  <g id=\"Gruppe_384\" data-name=\"Gruppe 384\" transform=\"translate(-840.938 -9157.445)\">\n    <rect id=\"Rechteck_499\" data-name=\"Rechteck 499\" width=\"27.283\" height=\"1.705\" transform=\"translate(840.938 9162.854)\" fill=\"#292929\"\/>\n    <path id=\"Polygon_11\" data-name=\"Polygon 11\" d=\"M6.394,0l6.394,12.789H0Z\" transform=\"translate(873 9157.445) rotate(90)\" fill=\"#292929\"\/>\n  <\/g>\n<\/svg>\n<\/h2>\n        <\/a><\/div><\/div><\/div><\/div>\n\n<div id=\"spacerblock-block_e08e3ab56f8202cd68d85d2915f67c4c\" class=\"bm_blocks spacerblock \">\n    <div class=\"grid-container\"><div class=\"grid-x\"><style>#spacerblock-block_e08e3ab56f8202cd68d85d2915f67c4c .spacer{width:100%; height:590px;}<\/style><div class=\"spacer\"><\/div><\/div><\/div><\/div>","protected":false},"excerpt":{"rendered":"","protected":false},"author":2,"featured_media":0,"parent":0,"menu_order":0,"comment_status":"closed","ping_status":"closed","template":"","meta":{"_acf_changed":false,"footnotes":""},"class_list":["post-2207","page","type-page","status-publish","hentry"],"acf":[],"_links":{"self":[{"href":"https:\/\/bureau-morgenstern.com\/de\/wp-json\/wp\/v2\/pages\/2207","targetHints":{"allow":["GET"]}}],"collection":[{"href":"https:\/\/bureau-morgenstern.com\/de\/wp-json\/wp\/v2\/pages"}],"about":[{"href":"https:\/\/bureau-morgenstern.com\/de\/wp-json\/wp\/v2\/types\/page"}],"author":[{"embeddable":true,"href":"https:\/\/bureau-morgenstern.com\/de\/wp-json\/wp\/v2\/users\/2"}],"replies":[{"embeddable":true,"href":"https:\/\/bureau-morgenstern.com\/de\/wp-json\/wp\/v2\/comments?post=2207"}],"version-history":[{"count":12,"href":"https:\/\/bureau-morgenstern.com\/de\/wp-json\/wp\/v2\/pages\/2207\/revisions"}],"predecessor-version":[{"id":3369,"href":"https:\/\/bureau-morgenstern.com\/de\/wp-json\/wp\/v2\/pages\/2207\/revisions\/3369"}],"wp:attachment":[{"href":"https:\/\/bureau-morgenstern.com\/de\/wp-json\/wp\/v2\/media?parent=2207"}],"curies":[{"name":"wp","href":"https:\/\/api.w.org\/{rel}","templated":true}]}}