{"id":2209,"date":"2020-04-11T16:34:39","date_gmt":"2020-04-11T14:34:39","guid":{"rendered":"https:\/\/bureau-morgenstern.com\/clients\/"},"modified":"2025-05-23T09:53:46","modified_gmt":"2025-05-23T07:53:46","slug":"clients","status":"publish","type":"page","link":"https:\/\/bureau-morgenstern.com\/de\/clients\/","title":{"rendered":"Kunden"},"content":{"rendered":"<div id=\"spacerblock-block_92e586c32a2f031fd2db9b9e82de1512\" class=\"bm_blocks spacerblock \">\n    <div class=\"grid-container\"><div class=\"grid-x\"><style>#spacerblock-block_92e586c32a2f031fd2db9b9e82de1512 .spacer{width:100%; height:90px;}@media print, screen and (min-width: 40em){#spacerblock-block_92e586c32a2f031fd2db9b9e82de1512 .spacer{height:120px;}}<\/style><div class=\"spacer\"><\/div><\/div><\/div><\/div>\n\n<div id=\"textblock-block_0634e510ca7f2893149a4d55645c1931\" class=\"bm_blocks textblock \">\n    <div class=\"grid-container\"><div class=\"grid-x\"><div class=\"cell small-21 medium-14  column_0\"><h2 class=\"bmH2\">\nIch arbeite gerne mit Menschen, die Design ernst nehmen \u2013<br \/>\nvon regionale Betrieben bis zu internationalen Marken, die Ideen mit Haltung, Mut und einem ausgepr\u00e4gten Gesp\u00fcr f\u00fcr Qualit\u00e4t zum Leben erwecken.<\/h2>\n<\/div><style>@media screen and (max-width: 39.99875em){.column_1{padding-top:30px;}}<\/style><div class=\"cell small-24 medium-4 medium-offset-6 column_1\"><h6><strong>Red Dot Award<\/strong><\/h6>\n<p class=\"bmP2\">Mercedes-Benz Deutschland<br \/>\n\/ KMB Berlin<\/p>\n<h6><strong>Automotive Award<\/strong><\/h6>\n<p class=\"bmP2\">Mercedes-Benz Deutschland<br \/>\n\/ KMB Berlin<\/p>\n<h6><strong>3x Goldenes Skalpell<\/strong><\/h6>\n<p class=\"bmP2\">Novartis Austria<br \/>\n\/ Cake Kommunikation<\/p>\n<\/div><\/div><\/div><\/div>\n\n<div id=\"spacerblock-block_d8bb988d2e207fe6e7de1cce8f7b72fb\" class=\"bm_blocks spacerblock \">\n    <div class=\"grid-container\"><div class=\"grid-x\"><style>#spacerblock-block_d8bb988d2e207fe6e7de1cce8f7b72fb .spacer{width:100%; height:160px;}@media print, screen and (min-width: 40em){#spacerblock-block_d8bb988d2e207fe6e7de1cce8f7b72fb .spacer{height:230px;}}<\/style><div class=\"spacer\"><\/div><\/div><\/div><\/div>\n\n<div id=\"clientgridblock-block_def234e831c0b03de1b3f2a1854d7ebc\" class=\"bm_blocks clientgridblock \">\n    <div class=\"grid-container\"><div class=\"grid-x grid-padding-x small-up-3 medium-up-4 large-up-5\"><div class=\"cell\"><img decoding=\"async\" src=\"https:\/\/bureau-morgenstern.com\/wp-content\/uploads\/2020\/04\/Daimler.svg\" title=\"Daimler\" alt=\"Daimler Logo\" \/><\/div><div class=\"cell\"><img decoding=\"async\" src=\"https:\/\/bureau-morgenstern.com\/wp-content\/uploads\/2020\/04\/Manner.svg\" title=\"Manner\" alt=\"Manner Logo\" \/><\/div><div class=\"cell\"><img decoding=\"async\" src=\"https:\/\/bureau-morgenstern.com\/wp-content\/uploads\/2020\/04\/UCOB.svg\" title=\"UCB\" alt=\"UCB Logo\" \/><\/div><div class=\"cell\"><img decoding=\"async\" src=\"https:\/\/bureau-morgenstern.com\/wp-content\/uploads\/2020\/04\/RS.svg\" title=\"Ritter Sport\" alt=\"Ritter Sport Logo\" \/><\/div><div class=\"cell\"><img decoding=\"async\" src=\"https:\/\/bureau-morgenstern.com\/wp-content\/uploads\/2020\/04\/Magnum.svg\" title=\"Magnum\" alt=\"Magnum Logo\" \/><\/div><div class=\"cell\"><img decoding=\"async\" src=\"https:\/\/bureau-morgenstern.com\/wp-content\/uploads\/2020\/04\/Ketle-One.svg\" title=\"Ketle One\" alt=\"Ketle One Logo\" \/><\/div><div class=\"cell\"><img decoding=\"async\" src=\"https:\/\/bureau-morgenstern.com\/wp-content\/uploads\/2020\/04\/MB.svg\" title=\"Mercedes Benz\" alt=\"Mercedes Benz Logo\" \/><\/div><div class=\"cell\"><img decoding=\"async\" src=\"https:\/\/bureau-morgenstern.com\/wp-content\/uploads\/2020\/04\/Gmundner-Keramik.svg\" title=\"Gmundner Keramik\" alt=\"Gmundner Keramik Logo\" \/><\/div><div class=\"cell\"><img decoding=\"async\" src=\"https:\/\/bureau-morgenstern.com\/wp-content\/uploads\/2025\/05\/Attersee-Logo.svg\" title=\"Attersee Logo\" alt=\"\" \/><\/div><div class=\"cell\"><img decoding=\"async\" src=\"https:\/\/bureau-morgenstern.com\/wp-content\/uploads\/2020\/04\/Ja\u0308germeister.svg\" title=\"Ja\u0308germeister\" alt=\"Ja\u0308germeister Logo\" \/><\/div><div class=\"cell\"><img decoding=\"async\" src=\"https:\/\/bureau-morgenstern.com\/wp-content\/uploads\/2025\/05\/CD-Logo.svg\" title=\"CD Logo\" alt=\"\" \/><\/div><div class=\"cell\"><img decoding=\"async\" src=\"https:\/\/bureau-morgenstern.com\/wp-content\/uploads\/2025\/05\/FUB-Logo.svg\" title=\"FUB Logo\" alt=\"\" \/><\/div><div class=\"cell\"><img decoding=\"async\" src=\"https:\/\/bureau-morgenstern.com\/wp-content\/uploads\/2025\/05\/Wolfenbuttel-Logo.svg\" title=\"Wolfenb\u00fcttel Logo\" alt=\"\" \/><\/div><div class=\"cell\"><img decoding=\"async\" src=\"https:\/\/bureau-morgenstern.com\/wp-content\/uploads\/2025\/05\/Oberosterreich-Logo.svg\" title=\"Ober\u00f6sterreich Logo\" alt=\"\" \/><\/div><div class=\"cell\"><img decoding=\"async\" src=\"https:\/\/bureau-morgenstern.com\/wp-content\/uploads\/2025\/05\/trodat-Logo.svg\" title=\"trodat Logo\" alt=\"\" \/><\/div><\/div><\/div><\/div>\n\n<div id=\"spacerblock-block_00908ffc721fcf009cd4f31fabbcf6a7\" class=\"bm_blocks spacerblock \">\n    <div class=\"grid-container\"><div class=\"grid-x\"><style>#spacerblock-block_00908ffc721fcf009cd4f31fabbcf6a7 .spacer{width:100%; height:120px;}@media print, screen and (min-width: 40em){#spacerblock-block_00908ffc721fcf009cd4f31fabbcf6a7 .spacer{height:160px;}}<\/style><div class=\"spacer\"><\/div><\/div><\/div><\/div>\n\n<div id=\"textblock-block_3359b35e3dd58e5e7676d4ba309aa6c2\" class=\"bm_blocks textblock \">\n    <div class=\"grid-container\"><div class=\"grid-x\"><div class=\"cell small-21 medium-14  column_0\"><h4 class=\"fw4 f-headline f10-m f9-ms f7-s tracked-tight black lh-title measure-narrow\">Was uns verbindet: der Glaube an ehrliche Zusammenarbeit auf Augenh\u00f6he \u2013 offen im Denken, klar in der Kommunikation und getragen von gegenseitigem Vertrauen.<\/h4>\n<p>&nbsp;<\/p>\n<h4 class=\"fw4 f-headline f10-m f9-ms f7-s tracked-tight black lh-title measure-narrow\">Denn gutes Design beginnt immer mit einem Gespr\u00e4ch \u2013 mit einem Moment des Zuh\u00f6rens, einer klugen Frage oder einfach der Bereitschaft, gemeinsam etwas zu gestalten.<\/h4>\n<\/div><\/div><\/div><\/div>\n\n<div id=\"spacerblock-block_00908ffc721fcf009cd4f31fabbcf6a7\" class=\"bm_blocks spacerblock \">\n    <div class=\"grid-container\"><div class=\"grid-x\"><style>#spacerblock-block_00908ffc721fcf009cd4f31fabbcf6a7 .spacer{width:100%; height:120px;}@media print, screen and (min-width: 40em){#spacerblock-block_00908ffc721fcf009cd4f31fabbcf6a7 .spacer{height:160px;}}<\/style><div class=\"spacer\"><\/div><\/div><\/div><\/div>\n\n<div id=\"tableblock-block_1bac6f104858990d5ecad0548c667ad8\" class=\"bm_blocks tableblock \">\n    <div class=\"grid-container\"><div class=\"grid-x\"><div class=\"cell small-24 top_headline\"><div class=\"table_section\"><div class=\"headline\">Lifestyle <\/div><div class=\"table_cell\">RSA<\/div><div class=\"table_cell\">Find my Home &#8211; Immobilien<\/div><div class=\"table_cell\">Penthouse<\/div><div class=\"table_cell\"><a href=\"https:\/\/bureau-morgenstern.com\/project\/gmundner-keramik\/\" target=\"\">Gmundner Keramik<svg xmlns=\"http:\/\/www.w3.org\/2000\/svg\" width=\"32.063\" height=\"12.788\" viewBox=\"0 0 32.063 12.788\">\n  <g id=\"Gruppe_384\" data-name=\"Gruppe 384\" transform=\"translate(-840.938 -9157.445)\">\n    <rect id=\"Rechteck_499\" data-name=\"Rechteck 499\" width=\"27.283\" height=\"1.705\" transform=\"translate(840.938 9162.854)\" fill=\"#292929\"\/>\n    <path id=\"Polygon_11\" data-name=\"Polygon 11\" d=\"M6.394,0l6.394,12.789H0Z\" transform=\"translate(873 9157.445) rotate(90)\" fill=\"#292929\"\/>\n  <\/g>\n<\/svg>\n<\/a><\/div><div class=\"table_cell\">Baudolino &#8211; Immobilien<\/div><div class=\"table_cell\">Poolbar Festival<\/div><div class=\"table_cell\">Red Bull Mobile<\/div><div class=\"table_cell\">Samsung<\/div><div class=\"table_cell\"><a href=\"https:\/\/bureau-morgenstern.com\/project\/fuyak\/\" target=\"\">Fuyak<svg xmlns=\"http:\/\/www.w3.org\/2000\/svg\" width=\"32.063\" height=\"12.788\" viewBox=\"0 0 32.063 12.788\">\n  <g id=\"Gruppe_384\" data-name=\"Gruppe 384\" transform=\"translate(-840.938 -9157.445)\">\n    <rect id=\"Rechteck_499\" data-name=\"Rechteck 499\" width=\"27.283\" height=\"1.705\" transform=\"translate(840.938 9162.854)\" fill=\"#292929\"\/>\n    <path id=\"Polygon_11\" data-name=\"Polygon 11\" d=\"M6.394,0l6.394,12.789H0Z\" transform=\"translate(873 9157.445) rotate(90)\" fill=\"#292929\"\/>\n  <\/g>\n<\/svg>\n<\/a><\/div><div class=\"table_cell\">I-Ref<\/div><div class=\"table_cell\">Victoria\u2019s Secret<\/div><div class=\"table_cell\"><a href=\"https:\/\/bureau-morgenstern.com\/project\/phillips-trinity\/\" target=\"\">Phillips Auctioneers<svg xmlns=\"http:\/\/www.w3.org\/2000\/svg\" width=\"32.063\" height=\"12.788\" viewBox=\"0 0 32.063 12.788\">\n  <g id=\"Gruppe_384\" data-name=\"Gruppe 384\" transform=\"translate(-840.938 -9157.445)\">\n    <rect id=\"Rechteck_499\" data-name=\"Rechteck 499\" width=\"27.283\" height=\"1.705\" transform=\"translate(840.938 9162.854)\" fill=\"#292929\"\/>\n    <path id=\"Polygon_11\" data-name=\"Polygon 11\" d=\"M6.394,0l6.394,12.789H0Z\" transform=\"translate(873 9157.445) rotate(90)\" fill=\"#292929\"\/>\n  <\/g>\n<\/svg>\n<\/a><\/div><div class=\"table_cell\">Leap Vapors<\/div><div class=\"table_cell\"><a href=\"https:\/\/bureau-morgenstern.com\/project\/trodat-creative-mini\/\" target=\"\">Trodat<svg xmlns=\"http:\/\/www.w3.org\/2000\/svg\" width=\"32.063\" height=\"12.788\" viewBox=\"0 0 32.063 12.788\">\n  <g id=\"Gruppe_384\" data-name=\"Gruppe 384\" transform=\"translate(-840.938 -9157.445)\">\n    <rect id=\"Rechteck_499\" data-name=\"Rechteck 499\" width=\"27.283\" height=\"1.705\" transform=\"translate(840.938 9162.854)\" fill=\"#292929\"\/>\n    <path id=\"Polygon_11\" data-name=\"Polygon 11\" d=\"M6.394,0l6.394,12.789H0Z\" transform=\"translate(873 9157.445) rotate(90)\" fill=\"#292929\"\/>\n  <\/g>\n<\/svg>\n<\/a><\/div><div class=\"table_cell\">American Express<\/div><div class=\"table_cell\"><a href=\"https:\/\/bureau-morgenstern.com\/project\/little-dots-rechenrally\/\" target=\"\">Little Dots<svg xmlns=\"http:\/\/www.w3.org\/2000\/svg\" width=\"32.063\" height=\"12.788\" viewBox=\"0 0 32.063 12.788\">\n  <g id=\"Gruppe_384\" data-name=\"Gruppe 384\" transform=\"translate(-840.938 -9157.445)\">\n    <rect id=\"Rechteck_499\" data-name=\"Rechteck 499\" width=\"27.283\" height=\"1.705\" transform=\"translate(840.938 9162.854)\" fill=\"#292929\"\/>\n    <path id=\"Polygon_11\" data-name=\"Polygon 11\" d=\"M6.394,0l6.394,12.789H0Z\" transform=\"translate(873 9157.445) rotate(90)\" fill=\"#292929\"\/>\n  <\/g>\n<\/svg>\n<\/a><\/div><div class=\"table_cell\"><a href=\"https:\/\/bureau-morgenstern.com\/project\/tourismus-attersee-notebook\/\" target=\"\">Tourismus Attersee<svg xmlns=\"http:\/\/www.w3.org\/2000\/svg\" width=\"32.063\" height=\"12.788\" viewBox=\"0 0 32.063 12.788\">\n  <g id=\"Gruppe_384\" data-name=\"Gruppe 384\" transform=\"translate(-840.938 -9157.445)\">\n    <rect id=\"Rechteck_499\" data-name=\"Rechteck 499\" width=\"27.283\" height=\"1.705\" transform=\"translate(840.938 9162.854)\" fill=\"#292929\"\/>\n    <path id=\"Polygon_11\" data-name=\"Polygon 11\" d=\"M6.394,0l6.394,12.789H0Z\" transform=\"translate(873 9157.445) rotate(90)\" fill=\"#292929\"\/>\n  <\/g>\n<\/svg>\n<\/a><\/div><div class=\"table_cell\">Swiss Watch Magazin<\/div><div class=\"table_cell\">Loebner Zeitmesser<\/div><div class=\"table_cell\">Hugo Boss<\/div><\/div><div class=\"table_section\"><div class=\"headline\">Automotive<\/div><div class=\"table_cell\"><a href=\"https:\/\/bureau-morgenstern.com\/project\/mercedes-benz\/\" target=\"\">Mercedes Benz<svg xmlns=\"http:\/\/www.w3.org\/2000\/svg\" width=\"32.063\" height=\"12.788\" viewBox=\"0 0 32.063 12.788\">\n  <g id=\"Gruppe_384\" data-name=\"Gruppe 384\" transform=\"translate(-840.938 -9157.445)\">\n    <rect id=\"Rechteck_499\" data-name=\"Rechteck 499\" width=\"27.283\" height=\"1.705\" transform=\"translate(840.938 9162.854)\" fill=\"#292929\"\/>\n    <path id=\"Polygon_11\" data-name=\"Polygon 11\" d=\"M6.394,0l6.394,12.789H0Z\" transform=\"translate(873 9157.445) rotate(90)\" fill=\"#292929\"\/>\n  <\/g>\n<\/svg>\n<\/a><\/div><div class=\"table_cell\">Daimler<\/div><div class=\"table_cell\"><a href=\"https:\/\/bureau-morgenstern.com\/project\/cd20\/\" target=\"\">CD20 &#038; Aston Martin<svg xmlns=\"http:\/\/www.w3.org\/2000\/svg\" width=\"32.063\" height=\"12.788\" viewBox=\"0 0 32.063 12.788\">\n  <g id=\"Gruppe_384\" data-name=\"Gruppe 384\" transform=\"translate(-840.938 -9157.445)\">\n    <rect id=\"Rechteck_499\" data-name=\"Rechteck 499\" width=\"27.283\" height=\"1.705\" transform=\"translate(840.938 9162.854)\" fill=\"#292929\"\/>\n    <path id=\"Polygon_11\" data-name=\"Polygon 11\" d=\"M6.394,0l6.394,12.789H0Z\" transform=\"translate(873 9157.445) rotate(90)\" fill=\"#292929\"\/>\n  <\/g>\n<\/svg>\n<\/a><\/div><div class=\"table_cell\"><a href=\"https:\/\/bureau-morgenstern.com\/project\/cd-works\/\" target=\"\">Classic Driver<svg xmlns=\"http:\/\/www.w3.org\/2000\/svg\" width=\"32.063\" height=\"12.788\" viewBox=\"0 0 32.063 12.788\">\n  <g id=\"Gruppe_384\" data-name=\"Gruppe 384\" transform=\"translate(-840.938 -9157.445)\">\n    <rect id=\"Rechteck_499\" data-name=\"Rechteck 499\" width=\"27.283\" height=\"1.705\" transform=\"translate(840.938 9162.854)\" fill=\"#292929\"\/>\n    <path id=\"Polygon_11\" data-name=\"Polygon 11\" d=\"M6.394,0l6.394,12.789H0Z\" transform=\"translate(873 9157.445) rotate(90)\" fill=\"#292929\"\/>\n  <\/g>\n<\/svg>\n<\/a><\/div><div class=\"table_cell\">Arosa ClassicCar<\/div><div class=\"table_cell\"><a href=\"https:\/\/bureau-morgenstern.com\/project\/fahrengold\/\" target=\"\">Fahrengold<svg xmlns=\"http:\/\/www.w3.org\/2000\/svg\" width=\"32.063\" height=\"12.788\" viewBox=\"0 0 32.063 12.788\">\n  <g id=\"Gruppe_384\" data-name=\"Gruppe 384\" transform=\"translate(-840.938 -9157.445)\">\n    <rect id=\"Rechteck_499\" data-name=\"Rechteck 499\" width=\"27.283\" height=\"1.705\" transform=\"translate(840.938 9162.854)\" fill=\"#292929\"\/>\n    <path id=\"Polygon_11\" data-name=\"Polygon 11\" d=\"M6.394,0l6.394,12.789H0Z\" transform=\"translate(873 9157.445) rotate(90)\" fill=\"#292929\"\/>\n  <\/g>\n<\/svg>\n<\/a><\/div><div class=\"table_cell\"><a href=\"https:\/\/bureau-morgenstern.com\/project\/rennmeister\/\" target=\"\">Rennmeister<svg xmlns=\"http:\/\/www.w3.org\/2000\/svg\" width=\"32.063\" height=\"12.788\" viewBox=\"0 0 32.063 12.788\">\n  <g id=\"Gruppe_384\" data-name=\"Gruppe 384\" transform=\"translate(-840.938 -9157.445)\">\n    <rect id=\"Rechteck_499\" data-name=\"Rechteck 499\" width=\"27.283\" height=\"1.705\" transform=\"translate(840.938 9162.854)\" fill=\"#292929\"\/>\n    <path id=\"Polygon_11\" data-name=\"Polygon 11\" d=\"M6.394,0l6.394,12.789H0Z\" transform=\"translate(873 9157.445) rotate(90)\" fill=\"#292929\"\/>\n  <\/g>\n<\/svg>\n<\/a><\/div><div class=\"table_cell\"><a href=\"https:\/\/bureau-morgenstern.com\/project\/drivershall-auto-club\/\" target=\"\">Driver Hall Auto Club<svg xmlns=\"http:\/\/www.w3.org\/2000\/svg\" width=\"32.063\" height=\"12.788\" viewBox=\"0 0 32.063 12.788\">\n  <g id=\"Gruppe_384\" data-name=\"Gruppe 384\" transform=\"translate(-840.938 -9157.445)\">\n    <rect id=\"Rechteck_499\" data-name=\"Rechteck 499\" width=\"27.283\" height=\"1.705\" transform=\"translate(840.938 9162.854)\" fill=\"#292929\"\/>\n    <path id=\"Polygon_11\" data-name=\"Polygon 11\" d=\"M6.394,0l6.394,12.789H0Z\" transform=\"translate(873 9157.445) rotate(90)\" fill=\"#292929\"\/>\n  <\/g>\n<\/svg>\n<\/a><\/div><div class=\"table_cell\"><a href=\"https:\/\/bureau-morgenstern.com\/project\/rennmeister-by-jagermeister\/\" target=\"\">Rennmeister by J\u00e4germeister<svg xmlns=\"http:\/\/www.w3.org\/2000\/svg\" width=\"32.063\" height=\"12.788\" viewBox=\"0 0 32.063 12.788\">\n  <g id=\"Gruppe_384\" data-name=\"Gruppe 384\" transform=\"translate(-840.938 -9157.445)\">\n    <rect id=\"Rechteck_499\" data-name=\"Rechteck 499\" width=\"27.283\" height=\"1.705\" transform=\"translate(840.938 9162.854)\" fill=\"#292929\"\/>\n    <path id=\"Polygon_11\" data-name=\"Polygon 11\" d=\"M6.394,0l6.394,12.789H0Z\" transform=\"translate(873 9157.445) rotate(90)\" fill=\"#292929\"\/>\n  <\/g>\n<\/svg>\n<\/a><\/div><\/div><div class=\"table_section\"><div class=\"headline\">Food &#038; Beverage<\/div><div class=\"table_cell\">Magnum Eis<\/div><div class=\"table_cell\">Dr. Pepper<\/div><div class=\"table_cell\">P\u00f6hl &#038; Mayr<\/div><div class=\"table_cell\">Stolichnaya Vodka<\/div><div class=\"table_cell\">Billa 4 Kids<\/div><div class=\"table_cell\">Johnnie Walker<\/div><div class=\"table_cell\">Diageo<\/div><div class=\"table_cell\"><a href=\"https:\/\/bureau-morgenstern.com\/project\/banks-rum\/\" target=\"\">Banks Rum<svg xmlns=\"http:\/\/www.w3.org\/2000\/svg\" width=\"32.063\" height=\"12.788\" viewBox=\"0 0 32.063 12.788\">\n  <g id=\"Gruppe_384\" data-name=\"Gruppe 384\" transform=\"translate(-840.938 -9157.445)\">\n    <rect id=\"Rechteck_499\" data-name=\"Rechteck 499\" width=\"27.283\" height=\"1.705\" transform=\"translate(840.938 9162.854)\" fill=\"#292929\"\/>\n    <path id=\"Polygon_11\" data-name=\"Polygon 11\" d=\"M6.394,0l6.394,12.789H0Z\" transform=\"translate(873 9157.445) rotate(90)\" fill=\"#292929\"\/>\n  <\/g>\n<\/svg>\n<\/a><\/div><div class=\"table_cell\">ADEG Rewe<\/div><div class=\"table_cell\">Ketel Vodka<\/div><div class=\"table_cell\">Red Bull<\/div><div class=\"table_cell\">Freiburger Bier<\/div><div class=\"table_cell\"><a href=\"https:\/\/bureau-morgenstern.com\/project\/champagnerie\/\" target=\"\">Champagnerie<svg xmlns=\"http:\/\/www.w3.org\/2000\/svg\" width=\"32.063\" height=\"12.788\" viewBox=\"0 0 32.063 12.788\">\n  <g id=\"Gruppe_384\" data-name=\"Gruppe 384\" transform=\"translate(-840.938 -9157.445)\">\n    <rect id=\"Rechteck_499\" data-name=\"Rechteck 499\" width=\"27.283\" height=\"1.705\" transform=\"translate(840.938 9162.854)\" fill=\"#292929\"\/>\n    <path id=\"Polygon_11\" data-name=\"Polygon 11\" d=\"M6.394,0l6.394,12.789H0Z\" transform=\"translate(873 9157.445) rotate(90)\" fill=\"#292929\"\/>\n  <\/g>\n<\/svg>\n<\/a><\/div><div class=\"table_cell\">J\u00e4germeister<\/div><div class=\"table_cell\">Brauerei Zipfer<\/div><div class=\"table_cell\">Josef Manner<\/div><div class=\"table_cell\">Ciroc Vodka<\/div><div class=\"table_cell\">Ritter Sport<\/div><div class=\"table_cell\"><a href=\"https:\/\/bureau-morgenstern.com\/project\/crusta-nova-packaging\/\" target=\"\">Crusta Nova<svg xmlns=\"http:\/\/www.w3.org\/2000\/svg\" width=\"32.063\" height=\"12.788\" viewBox=\"0 0 32.063 12.788\">\n  <g id=\"Gruppe_384\" data-name=\"Gruppe 384\" transform=\"translate(-840.938 -9157.445)\">\n    <rect id=\"Rechteck_499\" data-name=\"Rechteck 499\" width=\"27.283\" height=\"1.705\" transform=\"translate(840.938 9162.854)\" fill=\"#292929\"\/>\n    <path id=\"Polygon_11\" data-name=\"Polygon 11\" d=\"M6.394,0l6.394,12.789H0Z\" transform=\"translate(873 9157.445) rotate(90)\" fill=\"#292929\"\/>\n  <\/g>\n<\/svg>\n<\/a><\/div><div class=\"table_cell\">Helmerik &#038; Lou \/ Americano 1913<\/div><\/div><div class=\"table_section\"><div class=\"headline\">Economy<\/div><div class=\"table_cell\">Bank Austria<\/div><div class=\"table_cell\">EnBW<\/div><div class=\"table_cell\">MA54<\/div><div class=\"table_cell\">HILL Management<\/div><div class=\"table_cell\">Volksbank<\/div><div class=\"table_cell\">Wiener St\u00e4dtische<\/div><div class=\"table_cell\"><a href=\"https:\/\/bureau-morgenstern.com\/project\/martin-lueftner\/\" target=\"\">Notar Martin L\u00fcftner<svg xmlns=\"http:\/\/www.w3.org\/2000\/svg\" width=\"32.063\" height=\"12.788\" viewBox=\"0 0 32.063 12.788\">\n  <g id=\"Gruppe_384\" data-name=\"Gruppe 384\" transform=\"translate(-840.938 -9157.445)\">\n    <rect id=\"Rechteck_499\" data-name=\"Rechteck 499\" width=\"27.283\" height=\"1.705\" transform=\"translate(840.938 9162.854)\" fill=\"#292929\"\/>\n    <path id=\"Polygon_11\" data-name=\"Polygon 11\" d=\"M6.394,0l6.394,12.789H0Z\" transform=\"translate(873 9157.445) rotate(90)\" fill=\"#292929\"\/>\n  <\/g>\n<\/svg>\n<\/a><\/div><div class=\"table_cell\">Forum f\u00fcr Umwelt und Bildung<\/div><div class=\"table_cell\"><a href=\"https:\/\/bureau-morgenstern.com\/project\/global-goals-check\/\" target=\"\">BMK \u00d6sterreich<svg xmlns=\"http:\/\/www.w3.org\/2000\/svg\" width=\"32.063\" height=\"12.788\" viewBox=\"0 0 32.063 12.788\">\n  <g id=\"Gruppe_384\" data-name=\"Gruppe 384\" transform=\"translate(-840.938 -9157.445)\">\n    <rect id=\"Rechteck_499\" data-name=\"Rechteck 499\" width=\"27.283\" height=\"1.705\" transform=\"translate(840.938 9162.854)\" fill=\"#292929\"\/>\n    <path id=\"Polygon_11\" data-name=\"Polygon 11\" d=\"M6.394,0l6.394,12.789H0Z\" transform=\"translate(873 9157.445) rotate(90)\" fill=\"#292929\"\/>\n  <\/g>\n<\/svg>\n<\/a><\/div><div class=\"table_cell\"><a href=\"https:\/\/bureau-morgenstern.com\/project\/chiropraktiker-fur-tiere\/\" target=\"\">Chiropraktik f\u00fcr Tiere<svg xmlns=\"http:\/\/www.w3.org\/2000\/svg\" width=\"32.063\" height=\"12.788\" viewBox=\"0 0 32.063 12.788\">\n  <g id=\"Gruppe_384\" data-name=\"Gruppe 384\" transform=\"translate(-840.938 -9157.445)\">\n    <rect id=\"Rechteck_499\" data-name=\"Rechteck 499\" width=\"27.283\" height=\"1.705\" transform=\"translate(840.938 9162.854)\" fill=\"#292929\"\/>\n    <path id=\"Polygon_11\" data-name=\"Polygon 11\" d=\"M6.394,0l6.394,12.789H0Z\" transform=\"translate(873 9157.445) rotate(90)\" fill=\"#292929\"\/>\n  <\/g>\n<\/svg>\n<\/a><\/div><\/div><div class=\"table_section\"><div class=\"headline\">Pharma<\/div><div class=\"table_cell\">Novartis<\/div><div class=\"table_cell\">Sandoz<\/div><div class=\"table_cell\">Ratiopharm<\/div><div class=\"table_cell\">Boehringer Ingelheim<\/div><\/div><\/div><\/div><\/div><\/div>\n\n<div id=\"spacerblock-block_d7a5ce648c6ee751b012f78285d4d098\" class=\"bm_blocks spacerblock \">\n    <div class=\"grid-container\"><div class=\"grid-x\"><style>#spacerblock-block_d7a5ce648c6ee751b012f78285d4d098 .spacer{width:100%; height:300px;}<\/style><div class=\"spacer\"><\/div><\/div><\/div><\/div>\n\n<div id=\"textlinkblock-block_5dfa8d3ee4513ae96969ad2a714f6646\" class=\"bm_blocks textlinkblock \">\n    <div class=\"grid-container\"><div class=\"grid-x\"><div class=\"cell small-24\"><a href=\"https:\/\/bureau-morgenstern.com\/de\/work\/\">\n            <h2 class=\"bmH2\">zu den Projekten <svg xmlns=\"http:\/\/www.w3.org\/2000\/svg\" width=\"32.063\" height=\"12.788\" viewBox=\"0 0 32.063 12.788\">\n  <g id=\"Gruppe_384\" data-name=\"Gruppe 384\" transform=\"translate(-840.938 -9157.445)\">\n    <rect id=\"Rechteck_499\" data-name=\"Rechteck 499\" width=\"27.283\" height=\"1.705\" transform=\"translate(840.938 9162.854)\" fill=\"#292929\"\/>\n    <path id=\"Polygon_11\" data-name=\"Polygon 11\" d=\"M6.394,0l6.394,12.789H0Z\" transform=\"translate(873 9157.445) rotate(90)\" fill=\"#292929\"\/>\n  <\/g>\n<\/svg>\n<\/h2>\n        <\/a><\/div><\/div><\/div><\/div>\n\n<div id=\"spacerblock-block_d23a3147897f96ef839e37b061f585a0\" class=\"bm_blocks spacerblock \">\n    <div class=\"grid-container\"><div class=\"grid-x\"><style>#spacerblock-block_d23a3147897f96ef839e37b061f585a0 .spacer{width:100%; height:450px;}@media print, screen and (min-width: 40em){#spacerblock-block_d23a3147897f96ef839e37b061f585a0 .spacer{height:590px;}}<\/style><div class=\"spacer\"><\/div><\/div><\/div><\/div>","protected":false},"excerpt":{"rendered":"","protected":false},"author":2,"featured_media":0,"parent":0,"menu_order":0,"comment_status":"closed","ping_status":"closed","template":"","meta":{"_acf_changed":false,"footnotes":""},"class_list":["post-2209","page","type-page","status-publish","hentry"],"acf":[],"_links":{"self":[{"href":"https:\/\/bureau-morgenstern.com\/de\/wp-json\/wp\/v2\/pages\/2209","targetHints":{"allow":["GET"]}}],"collection":[{"href":"https:\/\/bureau-morgenstern.com\/de\/wp-json\/wp\/v2\/pages"}],"about":[{"href":"https:\/\/bureau-morgenstern.com\/de\/wp-json\/wp\/v2\/types\/page"}],"author":[{"embeddable":true,"href":"https:\/\/bureau-morgenstern.com\/de\/wp-json\/wp\/v2\/users\/2"}],"replies":[{"embeddable":true,"href":"https:\/\/bureau-morgenstern.com\/de\/wp-json\/wp\/v2\/comments?post=2209"}],"version-history":[{"count":18,"href":"https:\/\/bureau-morgenstern.com\/de\/wp-json\/wp\/v2\/pages\/2209\/revisions"}],"predecessor-version":[{"id":3382,"href":"https:\/\/bureau-morgenstern.com\/de\/wp-json\/wp\/v2\/pages\/2209\/revisions\/3382"}],"wp:attachment":[{"href":"https:\/\/bureau-morgenstern.com\/de\/wp-json\/wp\/v2\/media?parent=2209"}],"curies":[{"name":"wp","href":"https:\/\/api.w.org\/{rel}","templated":true}]}}