{"id":2214,"date":"2019-10-16T14:59:57","date_gmt":"2019-10-16T12:59:57","guid":{"rendered":"https:\/\/bureau-morgenstern.com\/imprint\/"},"modified":"2025-05-13T12:18:30","modified_gmt":"2025-05-13T10:18:30","slug":"imprint","status":"publish","type":"page","link":"https:\/\/bureau-morgenstern.com\/de\/imprint\/","title":{"rendered":"Imprint"},"content":{"rendered":"<div id=\"spacerblock-block_b8d741a96999ffe4b15cb7bac639bf16\" class=\"bm_blocks spacerblock \">\n    <div class=\"grid-container\"><div class=\"grid-x\"><style>#spacerblock-block_b8d741a96999ffe4b15cb7bac639bf16 .spacer{width:100%; height:50px;}<\/style><div class=\"spacer\"><\/div><\/div><\/div><\/div>\n\n<div id=\"textblock-block_da86463f7790b845d269bf3f131d86d7\" class=\"bm_blocks textblock \">\n    <div class=\"grid-container\"><div class=\"grid-x\"><div class=\"cell small-24 medium-6  column_0\"><h6><strong>Bureau Morgenstern<\/strong><\/h6>\n<p class=\"bmP2\">Grischa Morgenstern<br \/>\nHochgernstrasse 11<br \/>\n83224 Grassau<\/p>\n<p class=\"bmP2\"><a href=\"mailto:hello@bureau-morgenstern.com\">hello@bureau-morgenstern.com<\/a><br \/>\n<a href=\"tel:+491739192434\">+49.173.9192434<\/a><\/p>\n<\/div><div class=\"cell small-24 medium-6 medium-offset-2 column_1\"><h6><strong>Bank Details<\/strong><\/h6>\n<p class=\"bmP2\">Sparkasse Traunstein-Trostberg<br \/>\nGrischa Morgenstern<br \/>\nIBAN: <span style=\"color: #333333;\">DE64 7105 2050 0040 9568 07<\/span><br \/>\nBIC: BYLADEM1TST<\/p>\n<\/div><\/div><\/div><\/div>\n\n<div id=\"spacerblock-block_557e3ca4c45d2e49aee4ed01022cc900\" class=\"bm_blocks spacerblock \">\n    <div class=\"grid-container\"><div class=\"grid-x\"><style>#spacerblock-block_557e3ca4c45d2e49aee4ed01022cc900 .spacer{width:100%; height:140px;}<\/style><div class=\"spacer\"><\/div><\/div><\/div><\/div>\n\n<div id=\"textblock-block_037c694b91c044df885834ad881f975c\" class=\"bm_blocks textblock \">\n    <div class=\"grid-container\"><div class=\"grid-x\"><div class=\"cell small-24 medium-16  column_0\"><h6><strong>Angaben gem\u00e4\u00df \u00a7 5 TMG<\/strong><\/h6>\n<\/div><\/div><\/div><\/div>\n\n<div id=\"spacerblock-block_d8fbf36e0b4ac4a09c250397dd983ef5\" class=\"bm_blocks spacerblock \">\n    <div class=\"grid-container\"><div class=\"grid-x\"><style>#spacerblock-block_d8fbf36e0b4ac4a09c250397dd983ef5 .spacer{width:100%; height:60px;}<\/style><div class=\"spacer\"><\/div><\/div><\/div><\/div>\n\n<div id=\"textblock-block_6adf00f437d1a7c1b7a2f2fc7187c5f1\" class=\"bm_blocks textblock \">\n    <div class=\"grid-container\"><div class=\"grid-x\"><div class=\"cell small-24 medium-16  column_0\"><h6><strong>Angaben<\/strong><\/h6>\n<p class=\"bmP2\">Unternehmensgegenstand: Werbeagentur<br \/>\nFinanzamt Traunstein<br \/>\nUID-Nummer:\u00a0DE350483579<\/p>\n<p class=\"bmP2\">Berufsbezeichnung: Designer, UX Designer<\/p>\n<\/div><\/div><\/div><\/div>\n\n<div id=\"spacerblock-block_d8fbf36e0b4ac4a09c250397dd983ef5\" class=\"bm_blocks spacerblock \">\n    <div class=\"grid-container\"><div class=\"grid-x\"><style>#spacerblock-block_d8fbf36e0b4ac4a09c250397dd983ef5 .spacer{width:100%; height:60px;}<\/style><div class=\"spacer\"><\/div><\/div><\/div><\/div>\n\n<div id=\"textblock-block_e727d563f81e688f3a8414711bcb1668\" class=\"bm_blocks textblock \">\n    <div class=\"grid-container\"><div class=\"grid-x\"><div class=\"cell small-24 medium-16  column_0\"><h6><strong>EU-Streitschlichtung<\/strong><\/h6>\n<p class=\"bmP2\">Die Europ\u00e4ische Kommission stellt eine Plattform zur Online-Streitbeilegung (OS) bereit. Die Plattform finden Sie unter ec.europa.eu\/consumers\/odr\/.<\/p>\n<\/div><\/div><\/div><\/div>\n\n<div id=\"spacerblock-block_d8fbf36e0b4ac4a09c250397dd983ef5\" class=\"bm_blocks spacerblock \">\n    <div class=\"grid-container\"><div class=\"grid-x\"><style>#spacerblock-block_d8fbf36e0b4ac4a09c250397dd983ef5 .spacer{width:100%; height:60px;}<\/style><div class=\"spacer\"><\/div><\/div><\/div><\/div>\n\n<div id=\"textblock-block_81a3cf5933231ed324eec60967c663d3\" class=\"bm_blocks textblock \">\n    <div class=\"grid-container\"><div class=\"grid-x\"><div class=\"cell small-24 medium-16  column_0\"><h6><strong>Haftung f\u00fcr Inhalte dieser Webseite<\/strong><\/h6>\n<p class=\"bmP2\">Wir entwickeln die Inhalte dieser Webseite st\u00e4ndig weiter und bem\u00fchen uns korrekte und aktuelle Informationen bereitzustellen. Leider k\u00f6nnen wir keine Haftung f\u00fcr die Korrektheit aller Inhalte auf dieser Webseite \u00fcbernehmen, speziell f\u00fcr jene die seitens Dritter bereitgestellt wird. Sollten Ihnen problematische oder rechtswidrige Inhalte auffallen, bitte wir Sie uns umgehend zu kontaktieren, Sie finden die Kontaktdaten im Impressum.<\/p>\n<\/div><\/div><\/div><\/div>\n\n<div id=\"spacerblock-block_d8fbf36e0b4ac4a09c250397dd983ef5\" class=\"bm_blocks spacerblock \">\n    <div class=\"grid-container\"><div class=\"grid-x\"><style>#spacerblock-block_d8fbf36e0b4ac4a09c250397dd983ef5 .spacer{width:100%; height:60px;}<\/style><div class=\"spacer\"><\/div><\/div><\/div><\/div>\n\n<div id=\"textblock-block_58d13c19cc43a1b98f63f13f14ce5cf0\" class=\"bm_blocks textblock \">\n    <div class=\"grid-container\"><div class=\"grid-x\"><div class=\"cell small-24 medium-16  column_0\"><h6><strong>Haftung f\u00fcr Links auf dieser Webseite<\/strong><\/h6>\n<p class=\"bmP2\">Unsere Webseite enth\u00e4lt Links zu anderen Webseiten f\u00fcr deren Inhalt wir nicht verantwortlich sind. Wenn Ihnen rechtswidrige Links auf unserer Webseite auffallen, bitte wir Sie uns zu kontaktieren, Sie finden die Kontaktdaten im Impressum.<\/p>\n<\/div><\/div><\/div><\/div>\n\n<div id=\"spacerblock-block_d8fbf36e0b4ac4a09c250397dd983ef5\" class=\"bm_blocks spacerblock \">\n    <div class=\"grid-container\"><div class=\"grid-x\"><style>#spacerblock-block_d8fbf36e0b4ac4a09c250397dd983ef5 .spacer{width:100%; height:60px;}<\/style><div class=\"spacer\"><\/div><\/div><\/div><\/div>\n\n<div id=\"textblock-block_2f547b0eb165dae7880b50cce94fdfa3\" class=\"bm_blocks textblock \">\n    <div class=\"grid-container\"><div class=\"grid-x\"><div class=\"cell small-24 medium-16  column_0\"><h6><strong>Urheberrechtshinweis<\/strong><\/h6>\n<p class=\"bmP2\">Alle Inhalte dieser Webseite (Bilder, Fotos, Texte, Videos) unterliegen dem Urheberrecht. Falls notwendig, werden wir die unerlaubte Nutzung von Teilen der Inhalte unserer Seite rechtlich verfolgen.<\/p>\n<\/div><\/div><\/div><\/div>\n\n<div id=\"spacerblock-block_d8fbf36e0b4ac4a09c250397dd983ef5\" class=\"bm_blocks spacerblock \">\n    <div class=\"grid-container\"><div class=\"grid-x\"><style>#spacerblock-block_d8fbf36e0b4ac4a09c250397dd983ef5 .spacer{width:100%; height:60px;}<\/style><div class=\"spacer\"><\/div><\/div><\/div><\/div>\n\n<div id=\"textblock-block_9d30c82dd8f7323c8e14544186124a3e\" class=\"bm_blocks textblock \">\n    <div class=\"grid-container\"><div class=\"grid-x\"><div class=\"cell small-24 medium-16  column_0\"><h6><strong>Bildnachweis<\/strong><\/h6>\n<p class=\"bmP2\">Die Bilder, Fotos und Grafiken auf dieser Webseite sind urheberrechtlich gesch\u00fctzt.<\/p>\n<p class=\"bmP2\">Alle Bilder sind, sofern nicht anders und direkt bei der betreffenden Projekt-Seite angegeben, von Bureau Morgenstern gestaltet und erstellt oder von der Fotoplattform Pexels.<\/p>\n<\/div><\/div><\/div><\/div>\n\n<div id=\"spacerblock-block_5843d2fec476340a3e7baba69fefaa58\" class=\"bm_blocks spacerblock \">\n    <div class=\"grid-container\"><div class=\"grid-x\"><style>#spacerblock-block_5843d2fec476340a3e7baba69fefaa58 .spacer{width:100%; height:590px;}<\/style><div class=\"spacer\"><\/div><\/div><\/div><\/div>","protected":false},"excerpt":{"rendered":"","protected":false},"author":1,"featured_media":0,"parent":0,"menu_order":0,"comment_status":"closed","ping_status":"closed","template":"","meta":{"_acf_changed":false,"footnotes":""},"class_list":["post-2214","page","type-page","status-publish","hentry"],"acf":[],"_links":{"self":[{"href":"https:\/\/bureau-morgenstern.com\/de\/wp-json\/wp\/v2\/pages\/2214","targetHints":{"allow":["GET"]}}],"collection":[{"href":"https:\/\/bureau-morgenstern.com\/de\/wp-json\/wp\/v2\/pages"}],"about":[{"href":"https:\/\/bureau-morgenstern.com\/de\/wp-json\/wp\/v2\/types\/page"}],"author":[{"embeddable":true,"href":"https:\/\/bureau-morgenstern.com\/de\/wp-json\/wp\/v2\/users\/1"}],"replies":[{"embeddable":true,"href":"https:\/\/bureau-morgenstern.com\/de\/wp-json\/wp\/v2\/comments?post=2214"}],"version-history":[{"count":2,"href":"https:\/\/bureau-morgenstern.com\/de\/wp-json\/wp\/v2\/pages\/2214\/revisions"}],"predecessor-version":[{"id":2842,"href":"https:\/\/bureau-morgenstern.com\/de\/wp-json\/wp\/v2\/pages\/2214\/revisions\/2842"}],"wp:attachment":[{"href":"https:\/\/bureau-morgenstern.com\/de\/wp-json\/wp\/v2\/media?parent=2214"}],"curies":[{"name":"wp","href":"https:\/\/api.w.org\/{rel}","templated":true}]}}