{"id":2215,"date":"2019-10-16T14:58:34","date_gmt":"2019-10-16T12:58:34","guid":{"rendered":"https:\/\/bureau-morgenstern.com\/our-scope\/"},"modified":"2026-04-20T14:09:03","modified_gmt":"2026-04-20T12:09:03","slug":"our-scope","status":"publish","type":"page","link":"https:\/\/bureau-morgenstern.com\/de\/","title":{"rendered":"Hi!"},"content":{"rendered":"<div id=\"spacerblock-block_f27a8c714e21eb3a841ae382d430ee21\" class=\"bm_blocks spacerblock \">\n    <div class=\"grid-container\"><div class=\"grid-x\"><style>#spacerblock-block_f27a8c714e21eb3a841ae382d430ee21 .spacer{width:100%; height:90px;}@media print, screen and (min-width: 40em){#spacerblock-block_f27a8c714e21eb3a841ae382d430ee21 .spacer{height:110px;}}<\/style><div class=\"spacer\"><\/div><\/div><\/div><\/div>\n\n<div id=\"textblock-block_19c7dd306a378ddbee54cc7d643a569b\" class=\"bm_blocks textblock \">\n    <div class=\"grid-container\"><div class=\"grid-x\"><div class=\"cell small-23 medium-16  column_0\"><h2 class=\"bmH2\">Bureau Morgenstern ist ein Designstudio im S\u00fcden Deutschlands \u2013 dort, wo der Chiemsee glitzert und die Kampenwand den Horizont markiert.<\/h2>\n<\/div><\/div><\/div><\/div>\n\n<div id=\"spacerblock-block_e60d71f59c1a6143eca228fabfc3ad59\" class=\"bm_blocks spacerblock \">\n    <div class=\"grid-container\"><div class=\"grid-x\"><style>#spacerblock-block_e60d71f59c1a6143eca228fabfc3ad59 .spacer{width:100%; height:110px;}<\/style><div class=\"spacer\"><\/div><\/div><\/div><\/div>\n\n\n<link rel=\"stylesheet\" type=\"text\/css\" href=\"https:\/\/bureau-morgenstern.com\/wp-content\/themes\/morgenstern-fp\/dist\/assets\/plugins\/slick\/slick.css\" \/>\n<script type=\"text\/javascript\" src=\"https:\/\/bureau-morgenstern.com\/wp-content\/themes\/morgenstern-fp\/dist\/assets\/plugins\/slick\/slick.min.js\"><\/script>\n\n\n<div id=\"projectsliderblock-block_0670fdb4d4ac26dbbe50533ffd309499\" class=\"bm_blocks projectsliderblock \">\n    <div class=\"project-slider-container-projectsliderblock-block_0670fdb4d4ac26dbbe50533ffd309499\">\n        <a class=\"project-slider-item\"  href=\"https:\/\/bureau-morgenstern.com\/de\/project\/loebner-timepieces\/\"><div class=\"img hide-for-medium\"><img decoding=\"async\" src=\"https:\/\/bureau-morgenstern.com\/wp-content\/uploads\/2026\/04\/Loebner-Timepieces-Mobile-by-Bureau-Morgenstern-01.jpeg\" title=\"Loebner Timepieces Mobile by Bureau Morgenstern 01\" alt=\"\"\/><div class=\"img_overlay\"><div class=\"img_overlay_text\"><div class=\"title\">Loebner &#8211; Timepieces<\/div><\/div><\/div><\/div><div class=\"img show-for-medium\"><img decoding=\"async\" src=\"https:\/\/bureau-morgenstern.com\/wp-content\/uploads\/2026\/04\/Loebner-Timepieces-M-by-Bureau-Morgenstern-04.jpeg\" title=\"Loebner Timepieces M by Bureau Morgenstern 04\" alt=\"\"\/><div class=\"img_overlay\"><div class=\"img_overlay_text\"><div class=\"title\">Loebner &#8211; Timepieces<\/div><\/div><\/div><\/div><\/a>\n    <\/div>\n    <script>\n        jQuery(document).ready(function($) {\n            $('.project-slider-container-projectsliderblock-block_0670fdb4d4ac26dbbe50533ffd309499').slick({\n                \/\/setting-name: setting-value\n            });\n        });\n    <\/script>\n<\/div>\n\n<div id=\"spacerblock-block_5cd83f5f77ca3aa3221b6015eb4fd1e3\" class=\"bm_blocks spacerblock \">\n    <div class=\"grid-container\"><div class=\"grid-x\"><style>#spacerblock-block_5cd83f5f77ca3aa3221b6015eb4fd1e3 .spacer{width:100%; height:200px;}<\/style><div class=\"spacer\"><\/div><\/div><\/div><\/div>\n\n<div id=\"textblock-block_87cb2a2430a6227474de5b2d513110e9\" class=\"bm_blocks textblock \">\n    <div class=\"grid-container\"><div class=\"grid-x\"><div class=\"cell small-22 medium-22  column_0\"><h2 class=\"bmH2\">Wir gestalten Markenauftritte mit Charakter und einem feinen Gesp\u00fcr \u2013 f\u00fcr Menschen und Unternehmen, die Wert auf \u00c4sthetik und gutes Design legen.<\/h2>\n<p><\/p>\n<h2 class=\"bmH2\">Von der ersten Idee bis zum letzten Detail begleiten wir Projekte in ihrer Entwicklung. Mit Klarheit, einem Sinn f\u00fcr Qualit\u00e4t und einem hohen gestalterischen Anspruch.<\/h2>\n<p><\/p>\n<h2 class=\"bmH2\">Wenn ein Projekt es verlangt, arbeiten wir mit einem eingespielten Netzwerk aus Spezialist:innen \u2013 Menschen, die ihr Handwerk verstehen und pr\u00e4zise, zuverl\u00e4ssig und auf Augenh\u00f6he mitdenken.<\/h2>\n<p><\/p>\n<\/div><\/div><\/div><\/div>\n\n<div id=\"spacerblock-block_88c5b31021806568b0002375adad5dee\" class=\"bm_blocks spacerblock \">\n    <div class=\"grid-container\"><div class=\"grid-x\"><style>#spacerblock-block_88c5b31021806568b0002375adad5dee .spacer{width:100%; height:250px;}<\/style><div class=\"spacer\"><\/div><\/div><\/div><\/div>\n\n<div id=\"headlineblock-block_8e664f647a876ee1c26619f06600715f\" class=\"bm_blocks headlineblock \">\n    <div class=\"grid-container\"><div class=\"grid-x\"><div class=\"cell small-24\"><h2 class=\"bmH2 h2_headline border_bottom\">Unsere Leistungen<\/h2><\/div><\/div><\/div><\/div>\n\n<div id=\"spacerblock-block_aede086a9fa2c22c988f54fae510cbb3\" class=\"bm_blocks spacerblock \">\n    <div class=\"grid-container\"><div class=\"grid-x\"><style>#spacerblock-block_aede086a9fa2c22c988f54fae510cbb3 .spacer{width:100%; height:20px;}@media print, screen and (min-width: 40em){#spacerblock-block_aede086a9fa2c22c988f54fae510cbb3 .spacer{height:20px;}}@media print, screen and (min-width: 64em){#spacerblock-block_aede086a9fa2c22c988f54fae510cbb3 .spacer{height:20px;}}@media print, screen and (min-width: 80em){#spacerblock-block_aede086a9fa2c22c988f54fae510cbb3 .spacer{height:20px;}}<\/style><div class=\"spacer\"><\/div><\/div><\/div><\/div>\n\n<div id=\"textblock-block_8596faf134fab15e043a7579b9dcbbc7\" class=\"bm_blocks textblock \">\n    <div class=\"grid-container\"><div class=\"grid-x\"><div class=\"cell small-22 medium-11  column_0\"><h6><strong>Markenentwicklung<\/strong><\/h6>\n<p>Wir entwickeln eigenst\u00e4ndige Markenauftritte und gestalten pr\u00e4gnante visuelle Identit\u00e4ten \u2013 vom Konzept bis zur Markteinf\u00fchrung. Immer mit dem Ziel, Wirkung und Wert f\u00fcr Ihre Marke sp\u00fcrbar zu machen.<\/p>\n<p>&nbsp;<\/p>\n<\/div><div class=\"cell small-22 medium-11 medium-offset-1 column_1\"><h6><strong>Strategie<\/strong><\/h6>\n<p>Wir analysieren die Vision Ihres Unternehmens und bringen sie in Einklang mit den Bed\u00fcrfnissen Ihrer Zielgruppe. Daraus entsteht eine klare, umsetzbare Strategie \u2013 mit konkreten Zielen und Ma\u00dfnahmen.<\/p>\n<p>&nbsp;<\/p>\n<\/div><div class=\"cell small-22 medium-11  column_2\"><h6><strong>UX \/ UI<\/strong><\/h6>\n<p>Digitale L\u00f6sungen sind ein fester Bestandteil unserer Arbeit. Wir entwickeln durchdachte Interfaces, intuitive Nutzererlebnisse und digitale Produkte, die Ihre Marke voranbringen.  <\/p>\n<p>&nbsp;<\/p>\n<\/div><div class=\"cell small-22 medium-11 medium-offset-1 column_3\"><h6><strong>Packaging<\/strong><\/h6>\n<p>Wir entwickeln Verpackungen, die Funktionalit\u00e4t mit gestalterischer Klarheit verbinden \u2013 und genau das erz\u00e4hlen, was Ihr Produkt besonders macht.<br \/>\nVon der ersten Idee bis ins Regal.  <\/p>\n<p>&nbsp;<\/p>\n<\/div><\/div><\/div><\/div>\n\n<div id=\"spacerblock-block_5cd83f5f77ca3aa3221b6015eb4fd1e3\" class=\"bm_blocks spacerblock \">\n    <div class=\"grid-container\"><div class=\"grid-x\"><style>#spacerblock-block_5cd83f5f77ca3aa3221b6015eb4fd1e3 .spacer{width:100%; height:200px;}<\/style><div class=\"spacer\"><\/div><\/div><\/div><\/div>\n\n<div id=\"textblock-block_03ce1fee49fbe4094e00d74e3797b023\" class=\"bm_blocks textblock \">\n    <div class=\"grid-container\"><div class=\"grid-x\"><div class=\"cell small-24 medium-24  column_0\"><\/div><\/div><\/div><\/div>\n\n<div id=\"tableblock-block_81883dc0038c88002a9a4f371e91c117\" class=\"bm_blocks tableblock \">\n    <div class=\"grid-container\"><div class=\"grid-x\"><div class=\"cell small-24 inline\"><div class=\"table_section\"><div class=\"headline\">Branding<\/div><div class=\"table_cell\">Corporate Design<\/div><div class=\"table_cell\">Brand Design<\/div><div class=\"table_cell\">Logo Design<\/div><div class=\"table_cell\">Digital Branding<\/div><div class=\"table_cell\">Packaging Design<\/div><\/div><div class=\"table_section\"><div class=\"headline\">Digital \/ UX &#038; UI Design<\/div><div class=\"table_cell\">UX &#038; UI Design<\/div><div class=\"table_cell\">Wireframing<\/div><div class=\"table_cell\">Prototyping<\/div><div class=\"table_cell\">Screendesign<\/div><div class=\"table_cell\">App Design<\/div><div class=\"table_cell\">Consulting<\/div><\/div><div class=\"table_section\"><div class=\"headline\">Visual Communication<\/div><div class=\"table_cell\">Art Direction<\/div><div class=\"table_cell\">Editorial Design<\/div><div class=\"table_cell\">Illustration<\/div><\/div><div class=\"table_section\"><div class=\"headline\">Film &#038; Photography<\/div><div class=\"table_cell\">Product Photography<\/div><div class=\"table_cell\">Automotive Photograpy<\/div><\/div><div class=\"table_section\"><div class=\"headline\">Design Thinking<\/div><div class=\"table_cell\">Strategy<\/div><div class=\"table_cell\">Design Sprints<\/div><div class=\"table_cell\">Prototyping<\/div><\/div><\/div><\/div><\/div><\/div>\n\n<div id=\"spacerblock-block_0aea2c7823591c6ed63a15f55b1c49c1\" class=\"bm_blocks spacerblock \">\n    <div class=\"grid-container\"><div class=\"grid-x\"><style>#spacerblock-block_0aea2c7823591c6ed63a15f55b1c49c1 .spacer{width:100%; height:300px;}@media print, screen and (min-width: 64em){#spacerblock-block_0aea2c7823591c6ed63a15f55b1c49c1 .spacer{height:500px;}}<\/style><div class=\"spacer\"><\/div><\/div><\/div><\/div>\n\n<div id=\"textlinkblock-block_8e97377a7212b433eb16ca1c43ceeb24\" class=\"bm_blocks textlinkblock \">\n    <div class=\"grid-container\"><div class=\"grid-x\"><div class=\"cell small-24\"><a href=\"https:\/\/bureau-morgenstern.com\/de\/work\/\">\n            <h2 class=\"bmH2\">zu den Projekten <svg xmlns=\"http:\/\/www.w3.org\/2000\/svg\" width=\"32.063\" height=\"12.788\" viewBox=\"0 0 32.063 12.788\">\n  <g id=\"Gruppe_384\" data-name=\"Gruppe 384\" transform=\"translate(-840.938 -9157.445)\">\n    <rect id=\"Rechteck_499\" data-name=\"Rechteck 499\" width=\"27.283\" height=\"1.705\" transform=\"translate(840.938 9162.854)\" fill=\"#292929\"\/>\n    <path id=\"Polygon_11\" data-name=\"Polygon 11\" d=\"M6.394,0l6.394,12.789H0Z\" transform=\"translate(873 9157.445) rotate(90)\" fill=\"#292929\"\/>\n  <\/g>\n<\/svg>\n<\/h2>\n        <\/a><\/div><\/div><\/div><\/div>\n\n<div id=\"spacerblock-block_e98c3faf006db15fb67c7733dfb31b6d\" class=\"bm_blocks spacerblock \">\n    <div class=\"grid-container\"><div class=\"grid-x\"><style>#spacerblock-block_e98c3faf006db15fb67c7733dfb31b6d .spacer{width:100%; height:450px;}@media print, screen and (min-width: 40em){#spacerblock-block_e98c3faf006db15fb67c7733dfb31b6d .spacer{height:600px;}}@media print, screen and (min-width: 64em){#spacerblock-block_e98c3faf006db15fb67c7733dfb31b6d .spacer{height:700px;}}<\/style><div class=\"spacer\"><\/div><\/div><\/div><\/div>","protected":false},"excerpt":{"rendered":"","protected":false},"author":2,"featured_media":0,"parent":0,"menu_order":0,"comment_status":"closed","ping_status":"closed","template":"","meta":{"_acf_changed":false,"footnotes":""},"class_list":["post-2215","page","type-page","status-publish","hentry"],"acf":[],"_links":{"self":[{"href":"https:\/\/bureau-morgenstern.com\/de\/wp-json\/wp\/v2\/pages\/2215","targetHints":{"allow":["GET"]}}],"collection":[{"href":"https:\/\/bureau-morgenstern.com\/de\/wp-json\/wp\/v2\/pages"}],"about":[{"href":"https:\/\/bureau-morgenstern.com\/de\/wp-json\/wp\/v2\/types\/page"}],"author":[{"embeddable":true,"href":"https:\/\/bureau-morgenstern.com\/de\/wp-json\/wp\/v2\/users\/2"}],"replies":[{"embeddable":true,"href":"https:\/\/bureau-morgenstern.com\/de\/wp-json\/wp\/v2\/comments?post=2215"}],"version-history":[{"count":12,"href":"https:\/\/bureau-morgenstern.com\/de\/wp-json\/wp\/v2\/pages\/2215\/revisions"}],"predecessor-version":[{"id":3445,"href":"https:\/\/bureau-morgenstern.com\/de\/wp-json\/wp\/v2\/pages\/2215\/revisions\/3445"}],"wp:attachment":[{"href":"https:\/\/bureau-morgenstern.com\/de\/wp-json\/wp\/v2\/media?parent=2215"}],"curies":[{"name":"wp","href":"https:\/\/api.w.org\/{rel}","templated":true}]}}